{"id":30992,"date":"2018-07-04T10:09:30","date_gmt":"2018-07-04T08:09:30","guid":{"rendered":"https:\/\/www.lunel-avocats.com\/?page_id=30992"},"modified":"2022-10-28T17:42:25","modified_gmt":"2022-10-28T15:42:25","slug":"maitre-rebecca-fabre","status":"publish","type":"page","link":"https:\/\/www.lunel-avocats.com\/en\/maitre-rebecca-fabre\/","title":{"rendered":"Ma\u00eetre Rebecca Fabre &#8211; Attorney at Law"},"content":{"rendered":"<p>[vc_row][vc_column width=&#8221;1\/4&#8243;][\/vc_column][vc_column width=&#8221;1\/2&#8243;][vc_custom_heading text=&#8221;Rebecca Fabre<br \/>\nAttorney at Law&#8221; font_container=&#8221;tag:h2|text_align:center|color:%230f183d&#8221; use_theme_fonts=&#8221;yes&#8221; css=&#8221;.vc_custom_1662022079148{margin-bottom: 25px !important;}&#8221;][\/vc_column][vc_column width=&#8221;1\/4&#8243;][\/vc_column][\/vc_row][vc_row full_width=&#8221;stretch_row&#8221;][vc_column width=&#8221;1\/6&#8243;][\/vc_column][vc_column width=&#8221;2\/3&#8243;][vc_raw_html]JTNDZGl2JTIwc3R5bGUlM0QlMjJkaXNwbGF5JTNBJTIwZmxleCUzQiUyMGZsZXgtZGlyZWN0aW9uJTNBJTIwcm93JTNCJTIwbWFyZ2luJTNBJTIwYXV0byUzQiUyMGp1c3RpZnktY29udGVudCUzQSUyMGNlbnRlciUzQiUyMiUzRSUwQSUzQ2RpdiUyMHN0eWxlJTNEJTIybWFyZ2luLXJpZ2h0JTNBJTIwMTBweCUzQiUyMiUzRSUzQ2ltZyUyMHNyYyUzRCUyMmh0dHBzJTNBJTJGJTJGd3d3Lmx1bmVsLWF2b2NhdHMuY29tJTJGd3AtY29udGVudCUyRnVwbG9hZHMlMkYyMDIyJTJGMTAlMkZSZWJlY2NhLWZhYnJlLmpwZWclMjIlMjBzdHlsZSUzRCUyMndpZHRoJTNBJTIwMTAwJTI1JTNCJTIyJTNFJTNDJTJGZGl2JTNFJTBBJTNDZGl2JTNFJTNDaDQlM0VBUkVBJTIwT0YlMjBFWFBFUlRJU0UlM0MlMkZoNCUzRSUwQSUzQ3AlMjBzdHlsZSUzRCUyMmZvbnQtZmFtaWx5JTNBJTIwUm9ib3RvJTNCJTIwbGluZS1oZWlnaHQlM0ElMjAyMHB4JTNCJTIwZm9udC13ZWlnaHQlM0ElMjA0MDAlM0IlMjBmb250LXN0eWxlJTNBJTIwbm9ybWFsJTNCJTIwY29sb3IlM0ElMjAlMjMwMDAwMDAlM0IlMjBmb250LXNpemUlM0ElMjAxM3B4JTNCJTIyJTNFUmVhbCUyMGVzdGF0ZSUyMGxhdyUyMGFuZCUyMHByb3BlcnR5JTIwbWFuYWdlbWVudC4lM0NiciUzRSUwQUJ1c2luZXNzJTIwbGl0aWdhdGlvbi4lM0MlMkZwJTNFJTBBJTBBJTNDaDQlM0VDT05UQUNUJTIwSU5GT1JNQVRJT04lM0MlMkZoNCUzRSUwQSUzQ3AlMjBzdHlsZSUzRCUyMmZvbnQtZmFtaWx5JTNBJTIwUm9ib3RvJTNCJTIwbGluZS1oZWlnaHQlM0ElMjAyMHB4JTNCJTIwZm9udC13ZWlnaHQlM0ElMjA0MDAlM0IlMjBmb250LXN0eWxlJTNBJTIwbm9ybWFsJTNCJTIwY29sb3IlM0ElMjAlMjMwMDAwMDAlM0IlMjBmb250LXNpemUlM0ElMjAxM3B4JTNCJTIyJTNFVCVDMyVBOWwuJTIwJTNBJTIwJTJCMzMlMjAlMjgwJTI5JTIwMSUyMDQwJTIwNTMlMjAwOSUyMDkwJTNDYnIlM0UlMEElM0NBJTIwSFJFRiUzRCUyMm1haWx0byUzQXJlYmVjY2FmYWJyZSU0MGx1bmVsLWF2b2NhdHMuY29tJTIyJTNFcmViZWNjYWZhYnJlJTQwbHVuZWwtYXZvY2F0cy5jb20lM0MlMkZBJTNFJTNDJTJGcCUzRSUwQSUwQSUzQ2g0JTNFRURVQ0FUSU9OJTNDJTJGaDQlM0UlMEElM0NwJTIwc3R5bGUlM0QlMjJmb250LWZhbWlseSUzQSUyMFJvYm90byUzQiUyMGxpbmUtaGVpZ2h0JTNBJTIwMjBweCUzQiUyMGZvbnQtd2VpZ2h0JTNBJTIwNDAwJTNCJTIwZm9udC1zdHlsZSUzQSUyMG5vcm1hbCUzQiUyMGNvbG9yJTNBJTIwJTIzMDAwMDAwJTNCJTIwZm9udC1zaXplJTNBJTIwMTNweCUzQiUyMiUzRUNlcnRpZmljYXRlJTIwb2YlMjBBcHRpdHVkZSUyMGZvciUyMHRoZSUyMFByb2Zlc3Npb24lMjBvZiUyMExhd3llciUyMCUyODIwMTglMjklM0NiciUzRSUwQU1hc3RlciUyMEklMjBpbiUyMGJ1c2luZXNzJTIwbGF3JTIwVW5pdmVyc2l0eSUyMFBhbnRoJUMzJUE5b24lMjBTb3Jib25uZSUyMC0lMjBQYXJpcyUyMEkuJTNDYnIlM0UlMEFNYXN0ZXIlMjBJSSUyMGluJTIwYnVzaW5lc3MlMjBsaXRpZ2F0aW9uJTIwUGFudGglQzMlQTlvbiUyMFNvcmJvbm5lJTIwVW5pdmVyc2l0eSUyMC0lMjBQYXJpcyUyMEkuJTNDYnIlM0UlMEFNYXN0ZXIlMjBJSSUyMGluJTIwUGhpbG9zb3BoeSUyMG9mJTIwTGF3JTIwYW5kJTIwQ3JpbWluYWwlMjBMYXclMjAlMjhJbnN0aXR1dGUlMjBvZiUyMENyaW1pbm9sb2d5JTI5JTIwYXQlMjB0aGUlMjBVbml2ZXJzaXR5JTIwb2YlMjBBc3NhcyUyMFBhcmlzJTIwSUkuJTBBJTBBJTNDcCUyMHN0eWxlJTNEJTIyZm9udC1mYW1pbHklM0ElMjBSb2JvdG8lM0IlMjBsaW5lLWhlaWdodCUzQSUyMDIwcHglM0IlMjBmb250LXdlaWdodCUzQSUyMDQwMCUzQiUyMGZvbnQtc3R5bGUlM0ElMjBub3JtYWwlM0IlMjBjb2xvciUzQSUyMCUyMzAwMDAwMCUzQiUyMGZvbnQtc2l6ZSUzQSUyMDEzcHglM0IlMjIlM0VSZWJlY2NhJTIwRmFicmUlMjBoYXMlMjBjb21wbGV0ZWQlMjBoZXIlMjB0cmFpbmluZyUyMHdpdGglMjBzZXZlcmFsJTIwcHJvZmVzc2lvbmFsJTIwZXhwZXJpZW5jZXMlMkMlMjBpbiUyMHBhcnRpY3VsYXIlMjBpbiUyMGNpdmlsJTIwcHJvY2VkdXJlJTIwYXMlMjBhJTIwbGVnYWwlMjBhc3Npc3RhbnQlMjBhdCUyMHRoZSUyMFZlcnNhaWxsZXMlMjBDb3VydCUyMG9mJTIwQXBwZWFsJTJDJTIwYXMlMjB3ZWxsJTIwYXMlMjBpbiUyMGNvbGxlY3RpdmUlMjBwcm9jZWVkaW5ncyUyMHdpdGhpbiUyMGElMjBsYXclMjBmaXJtLiUzQyUyRnAlM0UlMEElMEElM0NwJTIwc3R5bGUlM0QlMjJmb250LWZhbWlseSUzQSUyMFJvYm90byUzQiUyMGxpbmUtaGVpZ2h0JTNBJTIwMjBweCUzQiUyMGZvbnQtd2VpZ2h0JTNBJTIwNDAwJTNCJTIwZm9udC1zdHlsZSUzQSUyMG5vcm1hbCUzQiUyMGNvbG9yJTNBJTIwJTIzMDAwMDAwJTNCJTIwZm9udC1zaXplJTNBJTIwMTNweCUzQiUyMiUzRVNoZSUyMGhhcyUyMG5vdGFibHklMjB3b3JrZWQlMjBhcyUyMGElMjBwYXJhbGVnYWwlMjBpbiUyMGElMjBmaXJtJTIwb2YlMjBzb2xpY2l0b3JzJTIwZnJvbSUyMER1YmxpbiUyQyUyMHNwZWNpYWxpemluZyUyMGluJTIwYnVzaW5lc3MlMjBsYXclMjAlMjhFdWdlbmUlMjBGLiUyMENvbGxpbnMlMjklMkMlMjBhcyUyMHdlbGwlMjBhcyUyMGluJTIwYW4lMjBhc3NvY2lhdGlvbiUyMGluJTIwQ2FtYm9kaWElMjAlMjhUb3VzZXMlMjAlQzMlQTAlMjBsJTI3RWNvbGUlMjkuJTNDJTJGcCUzRSUwQSUwQSUzQ3AlMjBzdHlsZSUzRCUyMmZvbnQtZmFtaWx5JTNBJTIwUm9ib3RvJTNCJTIwbGluZS1oZWlnaHQlM0ElMjAyMHB4JTNCJTIwZm9udC13ZWlnaHQlM0ElMjA0MDAlM0IlMjBmb250LXN0eWxlJTNBJTIwbm9ybWFsJTNCJTIwY29sb3IlM0ElMjAlMjMwMDAwMDAlM0IlMjBmb250LXNpemUlM0ElMjAxM3B4JTNCJTIyJTNFU2hlJTIwc3BlYWtzJTIwZmx1ZW50JTIwRW5nbGlzaC4lM0MlMkZwJTNFJTBBJTBBJTNDaDQlM0VMQU5HVUFHRVMlM0MlMkZoNCUzRSUwQSUzQ3AlMjBzdHlsZSUzRCUyMmZvbnQtZmFtaWx5JTNBJTIwUm9ib3RvJTNCJTIwbGluZS1oZWlnaHQlM0ElMjAyMHB4JTNCJTIwZm9udC13ZWlnaHQlM0ElMjA0MDAlM0IlMjBmb250LXN0eWxlJTNBJTIwbm9ybWFsJTNCJTIwY29sb3IlM0ElMjAlMjMwMDAwMDAlM0IlMjBmb250LXNpemUlM0ElMjAxM3B4JTNCJTIyJTNFRnJlbmNoJTJDJTIwRW5nbGlzaCUwQSUzQyUyRnAlM0UlMEElM0MlMkZkaXYlM0UlMEElMEE=[\/vc_raw_html][\/vc_column][vc_column width=&#8221;1\/6&#8243;][\/vc_column][\/vc_row]<\/p>","protected":false},"excerpt":{"rendered":"<p>[vc_row][vc_column width=&#8221;1\/4&#8243;][\/vc_column][vc_column width=&#8221;1\/2&#8243;][vc_custom_heading text=&#8221;Rebecca Fabre Attorney at Law&#8221; font_container=&#8221;tag:h2|text_align:center|color:%230f183d&#8221; use_theme_fonts=&#8221;yes&#8221; css=&#8221;.vc_custom_1662022079148{margin-bottom: 25px !important;}&#8221;][\/vc_column][vc_column width=&#8221;1\/4&#8243;][\/vc_column][\/vc_row][vc_row full_width=&#8221;stretch_row&#8221;][vc_column width=&#8221;1\/6&#8243;][\/vc_column][vc_column width=&#8221;2\/3&#8243;][vc_raw_html]JTNDZGl2JTIwc3R5bGUlM0QlMjJkaXNwbGF5JTNBJTIwZmxleCUzQiUyMGZsZXgtZGlyZWN0aW9uJTNBJTIwcm93JTNCJTIwbWFyZ2luJTNBJTIwYXV0byUzQiUyMGp1c3RpZnktY29udGVudCUzQSUyMGNlbnRlciUzQiUyMiUzRSUwQSUzQ2RpdiUyMHN0eWxlJTNEJTIybWFyZ2luLXJpZ2h0JTNBJTIwMTBweCUzQiUyMiUzRSUzQ2ltZyUyMHNyYyUzRCUyMmh0dHBzJTNBJTJGJTJGd3d3Lmx1bmVsLWF2b2NhdHMuY29tJTJGd3AtY29udGVudCUyRnVwbG9hZHMlMkYyMDIyJTJGMTAlMkZSZWJlY2NhLWZhYnJlLmpwZWclMjIlMjBzdHlsZSUzRCUyMndpZHRoJTNBJTIwMTAwJTI1JTNCJTIyJTNFJTNDJTJGZGl2JTNFJTBBJTNDZGl2JTNFJTNDaDQlM0VBUkVBJTIwT0YlMjBFWFBFUlRJU0UlM0MlMkZoNCUzRSUwQSUzQ3AlMjBzdHlsZSUzRCUyMmZvbnQtZmFtaWx5JTNBJTIwUm9ib3RvJTNCJTIwbGluZS1oZWlnaHQlM0ElMjAyMHB4JTNCJTIwZm9udC13ZWlnaHQlM0ElMjA0MDAlM0IlMjBmb250LXN0eWxlJTNBJTIwbm9ybWFsJTNCJTIwY29sb3IlM0ElMjAlMjMwMDAwMDAlM0IlMjBmb250LXNpemUlM0ElMjAxM3B4JTNCJTIyJTNFUmVhbCUyMGVzdGF0ZSUyMGxhdyUyMGFuZCUyMHByb3BlcnR5JTIwbWFuYWdlbWVudC4lM0NiciUzRSUwQUJ1c2luZXNzJTIwbGl0aWdhdGlvbi4lM0MlMkZwJTNFJTBBJTBBJTNDaDQlM0VDT05UQUNUJTIwSU5GT1JNQVRJT04lM0MlMkZoNCUzRSUwQSUzQ3AlMjBzdHlsZSUzRCUyMmZvbnQtZmFtaWx5JTNBJTIwUm9ib3RvJTNCJTIwbGluZS1oZWlnaHQlM0ElMjAyMHB4JTNCJTIwZm9udC13ZWlnaHQlM0ElMjA0MDAlM0IlMjBmb250LXN0eWxlJTNBJTIwbm9ybWFsJTNCJTIwY29sb3IlM0ElMjAlMjMwMDAwMDAlM0IlMjBmb250LXNpemUlM0ElMjAxM3B4JTNCJTIyJTNFVCVDMyVBOWwuJTIwJTNBJTIwJTJCMzMlMjAlMjgwJTI5JTIwMSUyMDQwJTIwNTMlMjAwOSUyMDkwJTNDYnIlM0UlMEElM0NBJTIwSFJFRiUzRCUyMm1haWx0byUzQXJlYmVjY2FmYWJyZSU0MGx1bmVsLWF2b2NhdHMuY29tJTIyJTNFcmViZWNjYWZhYnJlJTQwbHVuZWwtYXZvY2F0cy5jb20lM0MlMkZBJTNFJTNDJTJGcCUzRSUwQSUwQSUzQ2g0JTNFRURVQ0FUSU9OJTNDJTJGaDQlM0UlMEElM0NwJTIwc3R5bGUlM0QlMjJmb250LWZhbWlseSUzQSUyMFJvYm90byUzQiUyMGxpbmUtaGVpZ2h0JTNBJTIwMjBweCUzQiUyMGZvbnQtd2VpZ2h0JTNBJTIwNDAwJTNCJTIwZm9udC1zdHlsZSUzQSUyMG5vcm1hbCUzQiUyMGNvbG9yJTNBJTIwJTIzMDAwMDAwJTNCJTIwZm9udC1zaXplJTNBJTIwMTNweCUzQiUyMiUzRUNlcnRpZmljYXRlJTIwb2YlMjBBcHRpdHVkZSUyMGZvciUyMHRoZSUyMFByb2Zlc3Npb24lMjBvZiUyMExhd3llciUyMCUyODIwMTglMjklM0NiciUzRSUwQU1hc3RlciUyMEklMjBpbiUyMGJ1c2luZXNzJTIwbGF3JTIwVW5pdmVyc2l0eSUyMFBhbnRoJUMzJUE5b24lMjBTb3Jib25uZSUyMC0lMjBQYXJpcyUyMEkuJTNDYnIlM0UlMEFNYXN0ZXIlMjBJSSUyMGluJTIwYnVzaW5lc3MlMjBsaXRpZ2F0aW9uJTIwUGFudGglQzMlQTlvbiUyMFNvcmJvbm5lJTIwVW5pdmVyc2l0eSUyMC0lMjBQYXJpcyUyMEkuJTNDYnIlM0UlMEFNYXN0ZXIlMjBJSSUyMGluJTIwUGhpbG9zb3BoeSUyMG9mJTIwTGF3JTIwYW5kJTIwQ3JpbWluYWwlMjBMYXclMjAlMjhJbnN0aXR1dGUlMjBvZiUyMENyaW1pbm9sb2d5JTI5JTIwYXQlMjB0aGUlMjBVbml2ZXJzaXR5JTIwb2YlMjBBc3NhcyUyMFBhcmlzJTIwSUkuJTBBJTBBJTNDcCUyMHN0eWxlJTNEJTIyZm9udC1mYW1pbHklM0ElMjBSb2JvdG8lM0IlMjBsaW5lLWhlaWdodCUzQSUyMDIwcHglM0IlMjBmb250LXdlaWdodCUzQSUyMDQwMCUzQiUyMGZvbnQtc3R5bGUlM0ElMjBub3JtYWwlM0IlMjBjb2xvciUzQSUyMCUyMzAwMDAwMCUzQiUyMGZvbnQtc2l6ZSUzQSUyMDEzcHglM0IlMjIlM0VSZWJlY2NhJTIwRmFicmUlMjBoYXMlMjBjb21wbGV0ZWQlMjBoZXIlMjB0cmFpbmluZyUyMHdpdGglMjBzZXZlcmFsJTIwcHJvZmVzc2lvbmFsJTIwZXhwZXJpZW5jZXMlMkMlMjBpbiUyMHBhcnRpY3VsYXIlMjBpbiUyMGNpdmlsJTIwcHJvY2VkdXJlJTIwYXMlMjBhJTIwbGVnYWwlMjBhc3Npc3RhbnQlMjBhdCUyMHRoZSUyMFZlcnNhaWxsZXMlMjBDb3VydCUyMG9mJTIwQXBwZWFsJTJDJTIwYXMlMjB3ZWxsJTIwYXMlMjBpbiUyMGNvbGxlY3RpdmUlMjBwcm9jZWVkaW5ncyUyMHdpdGhpbiUyMGElMjBsYXclMjBmaXJtLiUzQyUyRnAlM0UlMEElMEElM0NwJTIwc3R5bGUlM0QlMjJmb250LWZhbWlseSUzQSUyMFJvYm90byUzQiUyMGxpbmUtaGVpZ2h0JTNBJTIwMjBweCUzQiUyMGZvbnQtd2VpZ2h0JTNBJTIwNDAwJTNCJTIwZm9udC1zdHlsZSUzQSUyMG5vcm1hbCUzQiUyMGNvbG9yJTNBJTIwJTIzMDAwMDAwJTNCJTIwZm9udC1zaXplJTNBJTIwMTNweCUzQiUyMiUzRVNoZSUyMGhhcyUyMG5vdGFibHklMjB3b3JrZWQlMjBhcyUyMGElMjBwYXJhbGVnYWwlMjBpbiUyMGElMjBmaXJtJTIwb2YlMjBzb2xpY2l0b3JzJTIwZnJvbSUyMER1YmxpbiUyQyUyMHNwZWNpYWxpemluZyUyMGluJTIwYnVzaW5lc3MlMjBsYXclMjAlMjhFdWdlbmUlMjBGLiUyMENvbGxpbnMlMjklMkMlMjBhcyUyMHdlbGwlMjBhcyUyMGluJTIwYW4lMjBhc3NvY2lhdGlvbiUyMGluJTIwQ2FtYm9kaWElMjAlMjhUb3VzZXMlMjAlQzMlQTAlMjBsJTI3RWNvbGUlMjkuJTNDJTJGcCUzRSUwQSUwQSUzQ3AlMjBzdHlsZSUzRCUyMmZvbnQtZmFtaWx5JTNBJTIwUm9ib3RvJTNCJTIwbGluZS1oZWlnaHQlM0ElMjAyMHB4JTNCJTIwZm9udC13ZWlnaHQlM0ElMjA0MDAlM0IlMjBmb250LXN0eWxlJTNBJTIwbm9ybWFsJTNCJTIwY29sb3IlM0ElMjAlMjMwMDAwMDAlM0IlMjBmb250LXNpemUlM0ElMjAxM3B4JTNCJTIyJTNFU2hlJTIwc3BlYWtzJTIwZmx1ZW50JTIwRW5nbGlzaC4lM0MlMkZwJTNFJTBBJTBBJTNDaDQlM0VMQU5HVUFHRVMlM0MlMkZoNCUzRSUwQSUzQ3AlMjBzdHlsZSUzRCUyMmZvbnQtZmFtaWx5JTNBJTIwUm9ib3RvJTNCJTIwbGluZS1oZWlnaHQlM0ElMjAyMHB4JTNCJTIwZm9udC13ZWlnaHQlM0ElMjA0MDAlM0IlMjBmb250LXN0eWxlJTNBJTIwbm9ybWFsJTNCJTIwY29sb3IlM0ElMjAlMjMwMDAwMDAlM0IlMjBmb250LXNpemUlM0ElMjAxM3B4JTNCJTIyJTNFRnJlbmNoJTJDJTIwRW5nbGlzaCUwQSUzQyUyRnAlM0UlMEElM0MlMkZkaXYlM0UlMEElMEE=[\/vc_raw_html][\/vc_column][vc_column width=&#8221;1\/6&#8243;][\/vc_column][\/vc_row]<\/p>\n","protected":false},"author":1,"featured_media":0,"parent":0,"menu_order":0,"comment_status":"closed","ping_status":"closed","template":"","meta":[],"yoast_head":"<!-- This site is optimized with the Yoast SEO plugin v19.11 - https:\/\/yoast.com\/wordpress\/plugins\/seo\/ -->\n<title>Ma\u00eetre Rebecca Fabre - Attorney at Law - Lunel AVOCATS<\/title>\n<meta name=\"description\" content=\"Ma\u00eetre Borel De Malet, Avocate et Experte en Droit immobilier &amp; Gestion immobili\u00e8re, Contentieux et Droit des soci\u00e9t\u00e9s\" \/>\n<meta name=\"robots\" content=\"index, follow, max-snippet:-1, max-image-preview:large, max-video-preview:-1\" \/>\n<link rel=\"canonical\" href=\"https:\/\/www.lunel-avocats.com\/maitre-rebecca-fabre\/\" \/>\n<meta property=\"og:locale\" content=\"en_US\" \/>\n<meta property=\"og:type\" content=\"article\" \/>\n<meta property=\"og:title\" content=\"Ma\u00eetre Rebecca Fabre - Attorney at Law - Lunel AVOCATS\" \/>\n<meta property=\"og:description\" content=\"Ma\u00eetre Borel De Malet, Avocate et Experte en Droit immobilier &amp; Gestion immobili\u00e8re, Contentieux et Droit des soci\u00e9t\u00e9s\" \/>\n<meta property=\"og:url\" content=\"https:\/\/www.lunel-avocats.com\/maitre-rebecca-fabre\/\" \/>\n<meta property=\"og:site_name\" content=\"Lunel AVOCATS\" \/>\n<meta property=\"article:modified_time\" content=\"2022-10-28T15:42:25+00:00\" \/>\n<meta name=\"twitter:card\" content=\"summary_large_image\" \/>\n<meta name=\"twitter:label1\" content=\"Est. reading time\" \/>\n\t<meta name=\"twitter:data1\" content=\"1 minute\" \/>\n<script type=\"application\/ld+json\" class=\"yoast-schema-graph\">{\"@context\":\"https:\/\/schema.org\",\"@graph\":[{\"@type\":\"WebPage\",\"@id\":\"https:\/\/www.lunel-avocats.com\/maitre-rebecca-fabre\/\",\"url\":\"https:\/\/www.lunel-avocats.com\/maitre-rebecca-fabre\/\",\"name\":\"Ma\u00eetre Rebecca Fabre - Attorney at Law - Lunel AVOCATS\",\"isPartOf\":{\"@id\":\"https:\/\/www.lunel-avocats.com\/#website\"},\"datePublished\":\"2018-07-04T08:09:30+00:00\",\"dateModified\":\"2022-10-28T15:42:25+00:00\",\"description\":\"Ma\u00eetre Borel De Malet, Avocate et Experte en Droit immobilier & Gestion immobili\u00e8re, Contentieux et Droit des soci\u00e9t\u00e9s\",\"breadcrumb\":{\"@id\":\"https:\/\/www.lunel-avocats.com\/maitre-rebecca-fabre\/#breadcrumb\"},\"inLanguage\":\"en-US\",\"potentialAction\":[{\"@type\":\"ReadAction\",\"target\":[\"https:\/\/www.lunel-avocats.com\/maitre-rebecca-fabre\/\"]}]},{\"@type\":\"BreadcrumbList\",\"@id\":\"https:\/\/www.lunel-avocats.com\/maitre-rebecca-fabre\/#breadcrumb\",\"itemListElement\":[{\"@type\":\"ListItem\",\"position\":1,\"name\":\"Accueil\",\"item\":\"https:\/\/www.lunel-avocats.com\/\"},{\"@type\":\"ListItem\",\"position\":2,\"name\":\"Ma\u00eetre Rebecca Fabre\"}]},{\"@type\":\"WebSite\",\"@id\":\"https:\/\/www.lunel-avocats.com\/#website\",\"url\":\"https:\/\/www.lunel-avocats.com\/\",\"name\":\"Lunel AVOCATS\",\"description\":\"\",\"potentialAction\":[{\"@type\":\"SearchAction\",\"target\":{\"@type\":\"EntryPoint\",\"urlTemplate\":\"https:\/\/www.lunel-avocats.com\/?s={search_term_string}\"},\"query-input\":\"required name=search_term_string\"}],\"inLanguage\":\"en-US\"}]}<\/script>\n<!-- \/ Yoast SEO plugin. -->","yoast_head_json":{"title":"Ma\u00eetre Rebecca Fabre - Attorney at Law - Lunel AVOCATS","description":"Ma\u00eetre Borel De Malet, Avocate et Experte en Droit immobilier & Gestion immobili\u00e8re, Contentieux et Droit des soci\u00e9t\u00e9s","robots":{"index":"index","follow":"follow","max-snippet":"max-snippet:-1","max-image-preview":"max-image-preview:large","max-video-preview":"max-video-preview:-1"},"canonical":"https:\/\/www.lunel-avocats.com\/maitre-rebecca-fabre\/","og_locale":"en_US","og_type":"article","og_title":"Ma\u00eetre Rebecca Fabre - Attorney at Law - Lunel AVOCATS","og_description":"Ma\u00eetre Borel De Malet, Avocate et Experte en Droit immobilier & Gestion immobili\u00e8re, Contentieux et Droit des soci\u00e9t\u00e9s","og_url":"https:\/\/www.lunel-avocats.com\/maitre-rebecca-fabre\/","og_site_name":"Lunel AVOCATS","article_modified_time":"2022-10-28T15:42:25+00:00","twitter_card":"summary_large_image","twitter_misc":{"Est. reading time":"1 minute"},"schema":{"@context":"https:\/\/schema.org","@graph":[{"@type":"WebPage","@id":"https:\/\/www.lunel-avocats.com\/maitre-rebecca-fabre\/","url":"https:\/\/www.lunel-avocats.com\/maitre-rebecca-fabre\/","name":"Ma\u00eetre Rebecca Fabre - Attorney at Law - Lunel AVOCATS","isPartOf":{"@id":"https:\/\/www.lunel-avocats.com\/#website"},"datePublished":"2018-07-04T08:09:30+00:00","dateModified":"2022-10-28T15:42:25+00:00","description":"Ma\u00eetre Borel De Malet, Avocate et Experte en Droit immobilier & Gestion immobili\u00e8re, Contentieux et Droit des soci\u00e9t\u00e9s","breadcrumb":{"@id":"https:\/\/www.lunel-avocats.com\/maitre-rebecca-fabre\/#breadcrumb"},"inLanguage":"en-US","potentialAction":[{"@type":"ReadAction","target":["https:\/\/www.lunel-avocats.com\/maitre-rebecca-fabre\/"]}]},{"@type":"BreadcrumbList","@id":"https:\/\/www.lunel-avocats.com\/maitre-rebecca-fabre\/#breadcrumb","itemListElement":[{"@type":"ListItem","position":1,"name":"Accueil","item":"https:\/\/www.lunel-avocats.com\/"},{"@type":"ListItem","position":2,"name":"Ma\u00eetre Rebecca Fabre"}]},{"@type":"WebSite","@id":"https:\/\/www.lunel-avocats.com\/#website","url":"https:\/\/www.lunel-avocats.com\/","name":"Lunel AVOCATS","description":"","potentialAction":[{"@type":"SearchAction","target":{"@type":"EntryPoint","urlTemplate":"https:\/\/www.lunel-avocats.com\/?s={search_term_string}"},"query-input":"required name=search_term_string"}],"inLanguage":"en-US"}]}},"_links":{"self":[{"href":"https:\/\/www.lunel-avocats.com\/en\/wp-json\/wp\/v2\/pages\/30992"}],"collection":[{"href":"https:\/\/www.lunel-avocats.com\/en\/wp-json\/wp\/v2\/pages"}],"about":[{"href":"https:\/\/www.lunel-avocats.com\/en\/wp-json\/wp\/v2\/types\/page"}],"author":[{"embeddable":true,"href":"https:\/\/www.lunel-avocats.com\/en\/wp-json\/wp\/v2\/users\/1"}],"replies":[{"embeddable":true,"href":"https:\/\/www.lunel-avocats.com\/en\/wp-json\/wp\/v2\/comments?post=30992"}],"version-history":[{"count":19,"href":"https:\/\/www.lunel-avocats.com\/en\/wp-json\/wp\/v2\/pages\/30992\/revisions"}],"predecessor-version":[{"id":31293,"href":"https:\/\/www.lunel-avocats.com\/en\/wp-json\/wp\/v2\/pages\/30992\/revisions\/31293"}],"wp:attachment":[{"href":"https:\/\/www.lunel-avocats.com\/en\/wp-json\/wp\/v2\/media?parent=30992"}],"curies":[{"name":"wp","href":"https:\/\/api.w.org\/{rel}","templated":true}]}}